{"id":11994,"date":"2018-12-03T20:28:03","date_gmt":"2018-12-03T19:28:03","guid":{"rendered":"https:\/\/test.cafelapalma.com\/?page_id=11994"},"modified":"2022-07-27T16:12:19","modified_gmt":"2022-07-27T14:12:19","slug":"normas-de-admision","status":"publish","type":"page","link":"https:\/\/test.cafelapalma.com\/en\/normas-de-admision\/","title":{"rendered":"Normas de Admisi\u00f3n"},"content":{"rendered":"\n<p>[:es]<\/p>\n\n\n\n<p>La sala se reserva el derecho de admisi\u00f3n de toda persona que:<br><br>&#8211;   Intente introducir o introduzca bebidas al recinto.<br>&#8211;   Se halle en estado de embriaguez, o porte o consuma sustancias estupefacientes.<br>&#8211;   Porte cualquier objeto susceptible de causar da\u00f1o a personas o a cosas.<br>&#8211;   Porte indumentaria y simbolog\u00eda que incite a la violencia o la intolerancia.<br>&#8211;   La ley no permite sacar bebidas a la v\u00eda p\u00fablica.<br>&#8211;   Si sales a \u00abfumar\u00bb, no puedes beber en la calle, y despu\u00e9s volver a entrar. En este caso se proceder\u00e1 a cobrar nuevamente el importe de la entrada\/copa.<br><br>Gracias, la direcci\u00f3n.<\/p>\n\n\n\n<p>[:en]<\/p>\n\n\n\n<div class=\"wp-block-columns is-layout-flex wp-container-core-columns-is-layout-9d6595d7 wp-block-columns-is-layout-flex\">\n<div class=\"wp-block-column is-layout-flow wp-block-column-is-layout-flow\" style=\"flex-basis:100%\">\n<p style=\"text-align:left; text-align:-webkit-left;\">The management deserves the right of admission if:<br><br>&#8211; You&#8217;re trying to introduce drinks inside the hall.<br>&#8211; You&#8217;re drunk, or carrying narcotics.<br>&#8211; You&#8217;re wearing clothes of symbols that incites violence or intolerance.<br>&#8211; Local law prohibites consumption of alcoholic beverages outdoors.<br>&#8211; If you need to go out for a smoke, you can&#8217;t drink outside. We will collect a new entrance ticket.<br><br>Thank you, the management.<\/p>\n<\/div>\n<\/div>\n\n\n\n<p>[:]<\/p>\n\n\n\n<p>[:en]<\/p>\n\n\n\n<div class=\"wp-block-columns is-layout-flex wp-container-core-columns-is-layout-9d6595d7 wp-block-columns-is-layout-flex\">\n<div class=\"wp-block-column is-layout-flow wp-block-column-is-layout-flow\" style=\"flex-basis:100%\"><\/div>\n<\/div>\n\n\n\n<p><br><\/p>\n","protected":false},"excerpt":{"rendered":"<p>[:es] La sala se reserva el derecho de admisi\u00f3n de toda persona que: &#8211; Intente introducir o introduzca bebidas al recinto.&#8211; Se<\/p>\n","protected":false},"author":2,"featured_media":0,"parent":0,"menu_order":0,"comment_status":"closed","ping_status":"closed","template":"","meta":{"_tec_requires_first_save":true,"content-type":"","_uag_custom_page_level_css":"","loftloader_page_shortcode":"","_EventAllDay":false,"_EventTimezone":"","_EventStartDate":"","_EventEndDate":"","_EventStartDateUTC":"","_EventEndDateUTC":"","_EventShowMap":false,"_EventShowMapLink":false,"_EventURL":"","_EventCost":"","_EventCostDescription":"","_EventCurrencySymbol":"","_EventCurrencyCode":"","_EventCurrencyPosition":"","_EventDateTimeSeparator":"","_EventTimeRangeSeparator":"","_EventOrganizerID":[],"_EventVenueID":[],"_OrganizerEmail":"","_OrganizerPhone":"","_OrganizerWebsite":"","_VenueAddress":"","_VenueCity":"","_VenueCountry":"","_VenueProvince":"","_VenueState":"","_VenueZip":"","_VenuePhone":"","_VenueURL":"","_VenueStateProvince":"","_VenueLat":"","_VenueLng":"","_VenueShowMap":false,"_VenueShowMapLink":false,"_tribe_blocks_recurrence_rules":"","_tribe_blocks_recurrence_description":"","_tribe_blocks_recurrence_exclusions":"","_ecp_custom_2":"","footnotes":""},"class_list":["post-11994","page","type-page","status-publish","hentry"],"uagb_featured_image_src":{"full":false,"thumbnail":false,"medium":false,"medium_large":false,"large":false,"1536x1536":false,"2048x2048":false,"trp-custom-language-flag":false,"blog-large":false,"blog-medium":false,"recent-posts":false,"recent-works-thumbnail":false,"fusion-200":false,"fusion-400":false,"fusion-600":false,"fusion-800":false,"fusion-1200":false,"portfolio-full":false,"portfolio-one":false,"portfolio-two":false,"portfolio-three":false,"portfolio-five":false},"uagb_author_info":{"display_name":"Nabor","author_link":"https:\/\/test.cafelapalma.com\/en\/author\/comunicacion\/"},"uagb_comment_info":0,"uagb_excerpt":"[:es] La sala se reserva el derecho de admisi\u00f3n de toda persona que: &#8211; Intente introducir o introduzca bebidas al recinto.&#8211; Se","_links":{"self":[{"href":"https:\/\/test.cafelapalma.com\/en\/wp-json\/wp\/v2\/pages\/11994","targetHints":{"allow":["GET"]}}],"collection":[{"href":"https:\/\/test.cafelapalma.com\/en\/wp-json\/wp\/v2\/pages"}],"about":[{"href":"https:\/\/test.cafelapalma.com\/en\/wp-json\/wp\/v2\/types\/page"}],"author":[{"embeddable":true,"href":"https:\/\/test.cafelapalma.com\/en\/wp-json\/wp\/v2\/users\/2"}],"replies":[{"embeddable":true,"href":"https:\/\/test.cafelapalma.com\/en\/wp-json\/wp\/v2\/comments?post=11994"}],"version-history":[{"count":28,"href":"https:\/\/test.cafelapalma.com\/en\/wp-json\/wp\/v2\/pages\/11994\/revisions"}],"predecessor-version":[{"id":23478,"href":"https:\/\/test.cafelapalma.com\/en\/wp-json\/wp\/v2\/pages\/11994\/revisions\/23478"}],"wp:attachment":[{"href":"https:\/\/test.cafelapalma.com\/en\/wp-json\/wp\/v2\/media?parent=11994"}],"curies":[{"name":"wp","href":"https:\/\/api.w.org\/{rel}","templated":true}]}}