{"id":8495,"date":"2017-06-02T12:56:56","date_gmt":"2017-06-02T10:56:56","guid":{"rendered":"https:\/\/test.cafelapalma.com\/?page_id=8495"},"modified":"2021-03-17T14:18:30","modified_gmt":"2021-03-17T13:18:30","slug":"acceso-menores","status":"publish","type":"page","link":"https:\/\/test.cafelapalma.com\/en\/acceso-menores\/","title":{"rendered":"[:es]Acceso Menores[:en]Underage Access[:]"},"content":{"rendered":"\n<p>[:es]<\/p>\n\n\n\n<p class=\"has-text-align-justify\">Como ya sab\u00e9is, a partir del lunes, 28 de diciembre de 2015, los menores vuelven a tener acceso a la m\u00fasica en directo. Eso s\u00ed, la nueva legislaci\u00f3n viene con algunas condiciones que os queremos contar para que sep\u00e1is como proceder&#8230;<br><br>Lo primero y mas importante: Si eres menor de edad, nunca, nunca, nunca podr\u00e1s consumir alcohol dentro de Caf\u00e9 la Palma.<br><br>Hasta los 16 a\u00f1os, s\u00f3lo podr\u00e1s acceder si vienes acompa\u00f1ado de un progenitor o tutor, es decir, una persona mayor de edad que se declare responsable de ti y que se comprometa a vigilar por tu bienestar y a que no bebas alcohol. Cualquier mayor de edad puede&nbsp; hacer las veces de tu tutor, y para ello tendr\u00e1 que firmar un documento (que puedes descargarte haciendo click <a rel=\"noreferrer noopener\" href=\"https:\/\/test.cafelapalma.com\/wp-content\/uploads\/2015\/12\/Autorizacio%CC%81n-acceso-menores.pdf\" target=\"_blank\">aqu\u00ed<\/a>), y entregarlo al portero junto a la copias de su DNI y tambi\u00e9n del tuyo.<br><br>Si ya has cumplido 16 a\u00f1os, entonces puedes venir sin acompa\u00f1ante, pero no podr\u00e1s consumir ninguna bebida alcoh\u00f3lica en el local.<br><br>En cualquiera de los casos, no podr\u00e1s quedarte en la sala una vez terminado el concierto, puesto que la nueva ley no lo permite. S\u00f3lo podemos dejarte acceder a los conciertos.<br><br>Por supuesto puedes escuchar m\u00fasica, y puedes pedir cualquiera de las bebidas sin alcohol que hay en nuestra carta. Nuestros camareros estar\u00e1n encantados de recomendarte alternativas aptas para tu consumo: caf\u00e9s, batidos, helados, etc.<br><br>Recuerda que lo que queremos es que disfrutes de la mejor m\u00fasica en directo y que lo pases realmente bien.<br><br>\u00a1Bienvenidas y bienvenidos!<br><br><strong>Puedes leer el texto completo de la nueva ley en este enlace.<\/strong><br><a rel=\"noreferrer noopener\" href=\"https:\/\/www.bocm.es\/bocm\/Satellite?c=CM_Orden_BOCM&amp;cid=1340459275003&amp;idBoletin=1340459274764&amp;idSeccion=1340459274792&amp;language=es&amp;pagename=Boletin%2FComunes%2FPresentacion%2FBOCM_popUpOrden\" target=\"_blank\"><strong>BOCM<\/strong><\/a><br><br>Descarga <a rel=\"noreferrer noopener\" href=\"https:\/\/test.cafelapalma.com\/wp-content\/uploads\/2015\/12\/Autorizacio%CC%81n-acceso-menores-724x1024.jpg\" target=\"_blank\">aqu\u00ed <\/a>el formulario para acompa\u00f1antes: <\/p>\n\n\n\n<div class=\"wp-block-image\"><figure class=\"aligncenter\"><img decoding=\"async\" width=\"724\" height=\"1024\" src=\"https:\/\/test.cafelapalma.com\/wp-content\/uploads\/2015\/12\/Autorizacio\u0301n-acceso-menores-724x1024.jpg\" data-orig-src=\"https:\/\/test.cafelapalma.com\/wp-content\/uploads\/2015\/12\/Autorizacio\u0301n-acceso-menores-724x1024.jpg\" alt=\"Autorizacio\u0301n acceso menores\" class=\"lazyload wp-image-5159\" srcset=\"data:image\/svg+xml,%3Csvg%20xmlns%3D%27http%3A%2F%2Fwww.w3.org%2F2000%2Fsvg%27%20width%3D%27724%27%20height%3D%271024%27%20viewBox%3D%270%200%20724%201024%27%3E%3Crect%20width%3D%27724%27%20height%3D%271024%27%20fill-opacity%3D%220%22%2F%3E%3C%2Fsvg%3E\" data-srcset=\"https:\/\/test.cafelapalma.com\/wp-content\/uploads\/2015\/12\/Autorizacio\u0301n-acceso-menores-212x300.jpg 212w, https:\/\/test.cafelapalma.com\/wp-content\/uploads\/2015\/12\/Autorizacio\u0301n-acceso-menores-230x325.jpg 230w, https:\/\/test.cafelapalma.com\/wp-content\/uploads\/2015\/12\/Autorizacio\u0301n-acceso-menores-350x495.jpg 350w, https:\/\/test.cafelapalma.com\/wp-content\/uploads\/2015\/12\/Autorizacio\u0301n-acceso-menores-724x1024.jpg 724w, https:\/\/test.cafelapalma.com\/wp-content\/uploads\/2015\/12\/Autorizacio\u0301n-acceso-menores-768x1086.jpg 768w, https:\/\/test.cafelapalma.com\/wp-content\/uploads\/2015\/12\/Autorizacio\u0301n-acceso-menores-830x1174.jpg 830w\" data-sizes=\"auto\" data-orig-sizes=\"(max-width: 724px) 100vw, 724px\" \/><\/figure><\/div>\n\n\n\n<p>[:en]<\/p>\n\n\n\n<p class=\"has-text-align-justify\">In december 28th, minors will be able to acess to live music in Madrid estate. But, this new legistation adds some limitations that we&#8217;d like to explain.<br><br>Alcohol distribution to under age people is still prohibited.<br><br>If you are younger than 16, you must access to the gigs with a progenitor or guardian of legal age. He or he can be anybody, but must sign a document with a copy of his\/her id document an minor&#8217;s one and recognising that he or she is responsible of minor&#8217;s well-being. This document can be downloaded <a rel=\"noreferrer noopener\" href=\"https:\/\/test.cafelapalma.com\/wp-content\/uploads\/2015\/12\/EN-Autorizacio%CC%81n-acceso-menores-LNEV.pdf\" target=\"_blank\">here<\/a>.<br><br>If you are older tan 16 years, then you can come without guardian, but remember: we can&#8217;t sell you any alcoholic drink.<br><br>Minors access is only alowed to live music shows. You can stay into our gig after the concert is over.<br><br>Our staff can help you to choose any drink suitable for you: coffees, milkshakes, ice creams, etc.<br><br>Now everybody is wellcome to enjoy live music, and the age will be never a obstacle.<br><br><strong>The new law can be checked here (in spanish):<br><\/strong><br><a rel=\"noreferrer noopener\" href=\"https:\/\/www.bocm.es\/bocm\/Satellite?c=CM_Orden_BOCM&amp;cid=1340459275003&amp;idBoletin=1340459274764&amp;idSeccion=1340459274792&amp;language=es&amp;pagename=Boletin%2FComunes%2FPresentacion%2FBOCM_popUpOrden\" target=\"_blank\"><strong>BOCM<\/strong><\/a><br><br>Guardians <a rel=\"noreferrer noopener\" href=\"https:\/\/test.cafelapalma.com\/wp-content\/uploads\/2015\/12\/Autorizacio%CC%81n-acceso-menores-724x1024.jpg\" target=\"_blank\">form<\/a> (you must add a copy of your id card and the minor&#8217;s one, and deliver it at venue&#8217;s entrance):<\/p>\n\n\n\n<div class=\"wp-block-image\"><figure class=\"aligncenter is-resized\"><img decoding=\"async\" src=\"https:\/\/test.cafelapalma.com\/wp-content\/uploads\/2015\/12\/EN-Autorizacio\u0301n-acceso-menores-LNEV.jpg\" data-orig-src=\"https:\/\/test.cafelapalma.com\/wp-content\/uploads\/2015\/12\/EN-Autorizacio\u0301n-acceso-menores-LNEV.jpg\" alt=\"EN-Autorizacio\u0301n acceso menores LNEV\" class=\"lazyload wp-image-5189\" width=\"709\" height=\"1001\" srcset=\"data:image\/svg+xml,%3Csvg%20xmlns%3D%27http%3A%2F%2Fwww.w3.org%2F2000%2Fsvg%27%20width%3D%27709%27%20height%3D%271001%27%20viewBox%3D%270%200%20709%201001%27%3E%3Crect%20width%3D%27709%27%20height%3D%271001%27%20fill-opacity%3D%220%22%2F%3E%3C%2Fsvg%3E\" data-srcset=\"https:\/\/test.cafelapalma.com\/wp-content\/uploads\/2015\/12\/EN-Autorizacio\u0301n-acceso-menores-LNEV-212x300.jpg 212w, https:\/\/test.cafelapalma.com\/wp-content\/uploads\/2015\/12\/EN-Autorizacio\u0301n-acceso-menores-LNEV-230x325.jpg 230w, https:\/\/test.cafelapalma.com\/wp-content\/uploads\/2015\/12\/EN-Autorizacio\u0301n-acceso-menores-LNEV-350x495.jpg 350w, https:\/\/test.cafelapalma.com\/wp-content\/uploads\/2015\/12\/EN-Autorizacio\u0301n-acceso-menores-LNEV.jpg 595w\" data-sizes=\"auto\" data-orig-sizes=\"(max-width: 709px) 100vw, 709px\" \/><\/figure><\/div>\n\n\n\n<p>[:]<\/p>\n","protected":false},"excerpt":{"rendered":"<p>[:es] Como ya sab\u00e9is, a partir del lunes, 28 de diciembre de 2015, los menores vuelven a tener acceso a la m\u00fasica<\/p>\n","protected":false},"author":2,"featured_media":0,"parent":0,"menu_order":0,"comment_status":"closed","ping_status":"closed","template":"","meta":{"_tec_requires_first_save":true,"content-type":"","_uag_custom_page_level_css":"","loftloader_page_shortcode":"","_EventAllDay":false,"_EventTimezone":"","_EventStartDate":"","_EventEndDate":"","_EventStartDateUTC":"","_EventEndDateUTC":"","_EventShowMap":false,"_EventShowMapLink":false,"_EventURL":"","_EventCost":"","_EventCostDescription":"","_EventCurrencySymbol":"","_EventCurrencyCode":"","_EventCurrencyPosition":"","_EventDateTimeSeparator":"","_EventTimeRangeSeparator":"","_EventOrganizerID":[],"_EventVenueID":[],"_OrganizerEmail":"","_OrganizerPhone":"","_OrganizerWebsite":"","_VenueAddress":"","_VenueCity":"","_VenueCountry":"","_VenueProvince":"","_VenueState":"","_VenueZip":"","_VenuePhone":"","_VenueURL":"","_VenueStateProvince":"","_VenueLat":"","_VenueLng":"","_VenueShowMap":false,"_VenueShowMapLink":false,"_tribe_blocks_recurrence_rules":"","_tribe_blocks_recurrence_description":"","_tribe_blocks_recurrence_exclusions":"","_ecp_custom_2":"","footnotes":""},"class_list":["post-8495","page","type-page","status-publish","hentry"],"uagb_featured_image_src":{"full":false,"thumbnail":false,"medium":false,"medium_large":false,"large":false,"1536x1536":false,"2048x2048":false,"trp-custom-language-flag":false,"blog-large":false,"blog-medium":false,"recent-posts":false,"recent-works-thumbnail":false,"fusion-200":false,"fusion-400":false,"fusion-600":false,"fusion-800":false,"fusion-1200":false,"portfolio-full":false,"portfolio-one":false,"portfolio-two":false,"portfolio-three":false,"portfolio-five":false},"uagb_author_info":{"display_name":"Nabor","author_link":"https:\/\/test.cafelapalma.com\/en\/author\/comunicacion\/"},"uagb_comment_info":0,"uagb_excerpt":"[:es] Como ya sab\u00e9is, a partir del lunes, 28 de diciembre de 2015, los menores vuelven a tener acceso a la m\u00fasica","_links":{"self":[{"href":"https:\/\/test.cafelapalma.com\/en\/wp-json\/wp\/v2\/pages\/8495","targetHints":{"allow":["GET"]}}],"collection":[{"href":"https:\/\/test.cafelapalma.com\/en\/wp-json\/wp\/v2\/pages"}],"about":[{"href":"https:\/\/test.cafelapalma.com\/en\/wp-json\/wp\/v2\/types\/page"}],"author":[{"embeddable":true,"href":"https:\/\/test.cafelapalma.com\/en\/wp-json\/wp\/v2\/users\/2"}],"replies":[{"embeddable":true,"href":"https:\/\/test.cafelapalma.com\/en\/wp-json\/wp\/v2\/comments?post=8495"}],"version-history":[{"count":28,"href":"https:\/\/test.cafelapalma.com\/en\/wp-json\/wp\/v2\/pages\/8495\/revisions"}],"predecessor-version":[{"id":19543,"href":"https:\/\/test.cafelapalma.com\/en\/wp-json\/wp\/v2\/pages\/8495\/revisions\/19543"}],"wp:attachment":[{"href":"https:\/\/test.cafelapalma.com\/en\/wp-json\/wp\/v2\/media?parent=8495"}],"curies":[{"name":"wp","href":"https:\/\/api.w.org\/{rel}","templated":true}]}}