{"id":13118,"date":"2019-03-28T23:16:35","date_gmt":"2019-03-28T22:16:35","guid":{"rendered":"https:\/\/test.cafelapalma.com\/?page_id=13118"},"modified":"2019-04-04T21:00:32","modified_gmt":"2019-04-04T19:00:32","slug":"madrid-central","status":"publish","type":"page","link":"https:\/\/test.cafelapalma.com\/es_es\/madrid-central\/","title":{"rendered":"[:es]Madrid Central[:en]Madrid Central[:]"},"content":{"rendered":"<p>[:es]<\/p>\n<div><img decoding=\"async\" src=\"https:\/\/test.cafelapalma.com\/wp-content\/uploads\/2019\/03\/madridcentral_LOGO-300x186.jpg\" data-orig-src=\"https:\/\/test.cafelapalma.com\/wp-content\/uploads\/2019\/03\/madridcentral_LOGO-300x186.jpg\" alt=\"madridcentral_LOGO\" width=\"300\" height=\"186\" class=\"lazyload aligncenter size-medium wp-image-13127\" scale=\"0\" srcset=\"data:image\/svg+xml,%3Csvg%20xmlns%3D%27http%3A%2F%2Fwww.w3.org%2F2000%2Fsvg%27%20width%3D%27300%27%20height%3D%27186%27%20viewBox%3D%270%200%20300%20186%27%3E%3Crect%20width%3D%27300%27%20height%3D%27186%27%20fill-opacity%3D%220%22%2F%3E%3C%2Fsvg%3E\" data-srcset=\"https:\/\/test.cafelapalma.com\/wp-content\/uploads\/2019\/03\/madridcentral_LOGO-230x143.jpg 230w, https:\/\/test.cafelapalma.com\/wp-content\/uploads\/2019\/03\/madridcentral_LOGO-300x186.jpg 300w, https:\/\/test.cafelapalma.com\/wp-content\/uploads\/2019\/03\/madridcentral_LOGO-350x217.jpg 350w, https:\/\/test.cafelapalma.com\/wp-content\/uploads\/2019\/03\/madridcentral_LOGO.jpg 416w\" data-sizes=\"auto\" data-orig-sizes=\"(max-width: 300px) 100vw, 300px\" \/><\/div>\n<p style=\"text-align: justify;\">Desde Marzo de 2019, el Ayuntamiento de Madrid impone sanciones econ\u00f3micas a los veh\u00edculos que transiten sin autorizaci\u00f3n dentro del per\u00edmetro conocido como <strong>Madrid Central<\/strong>, que abarca la ubicaci\u00f3n de <strong>CAFE LA PALMA<\/strong>.<\/p>\n<p style=\"text-align: justify;\">No obstante has de saber que, dadas las particularidades de nuestra actividad como sala de conciertos, el Ayuntamiento nos concede un n\u00famero limitado de autorizaciones para acceder con veh\u00edculos a <strong>Madrid Central<\/strong>, y por lo tanto <strong><em>podemos autorizar hasta un m\u00e1ximo de un veh\u00edculo por concierto \/ d\u00eda<\/em><\/strong> con objeto de facilitar a las bandas el transporte de instrumentos, <em>backline<\/em>, etc\u00e9tera.<\/p>\n<p style=\"text-align: justify;\">Si tu banda va a dar un concierto en <strong>CAFE LA PALMA<\/strong> y necesit\u00e1is una autorizaci\u00f3n para acceder a <strong>Madrid Central<\/strong> y descargar vuestro material en la sala, s\u00f3lo ten\u00e9is que escribirnos al mail de Programaci\u00f3n especificando el nombre de la banda, el d\u00eda del concierto, la matr\u00edcula de tu coche, el modelo y el nombre del titular o responsable.<\/p>\n<p style=\"text-align: justify;\">Si quieres m\u00e1s informaci\u00f3n sobre Madrid Central, pincha <a href=\"https:\/\/www.madrid.es\/portales\/munimadrid\/es\/Inicio\/Movilidad-y-transportes\/Madrid-Central-Zona-de-Bajas-Emisiones\/Informacion-general\/Madrid-Central-Informacion-General\/?vgnextfmt=default&amp;vgnextoid=a67cda4581f64610VgnVCM2000001f4a900aRCRD&amp;vgnextchannel=088e96d2742f6610VgnVCM1000001d4a900aRCRD\" target=\"_blank\">aqu\u00ed.<\/a><\/p>\n<p>[:en]<\/p>\n<div><img decoding=\"async\" src=\"https:\/\/test.cafelapalma.com\/wp-content\/uploads\/2019\/03\/madridcentral_LOGO-300x186.jpg\" data-orig-src=\"https:\/\/test.cafelapalma.com\/wp-content\/uploads\/2019\/03\/madridcentral_LOGO-300x186.jpg\" alt=\"madridcentral_LOGO\" width=\"300\" height=\"186\" class=\"lazyload aligncenter size-medium wp-image-13127\" scale=\"0\" srcset=\"data:image\/svg+xml,%3Csvg%20xmlns%3D%27http%3A%2F%2Fwww.w3.org%2F2000%2Fsvg%27%20width%3D%27300%27%20height%3D%27186%27%20viewBox%3D%270%200%20300%20186%27%3E%3Crect%20width%3D%27300%27%20height%3D%27186%27%20fill-opacity%3D%220%22%2F%3E%3C%2Fsvg%3E\" data-srcset=\"https:\/\/test.cafelapalma.com\/wp-content\/uploads\/2019\/03\/madridcentral_LOGO-230x143.jpg 230w, https:\/\/test.cafelapalma.com\/wp-content\/uploads\/2019\/03\/madridcentral_LOGO-300x186.jpg 300w, https:\/\/test.cafelapalma.com\/wp-content\/uploads\/2019\/03\/madridcentral_LOGO-350x217.jpg 350w, https:\/\/test.cafelapalma.com\/wp-content\/uploads\/2019\/03\/madridcentral_LOGO.jpg 416w\" data-sizes=\"auto\" data-orig-sizes=\"(max-width: 300px) 100vw, 300px\" \/><\/div>\n<p style=\"text-align: justify;\">Desde Marzo de 2019, el Ayuntamiento de Madrid impone sanciones econ\u00f3micas a los veh\u00edculos que transiten sin autorizaci\u00f3n dentro del per\u00edmetro conocido como <strong>Madrid Central<\/strong>, que abarca la ubicaci\u00f3n de <strong>CAFE LA PALMA<\/strong>.<\/p>\n<p style=\"text-align: justify;\">No obstante has de saber que, dadas las particularidades de nuestra actividad como sala de conciertos, el Ayuntamiento nos concede un n\u00famero limitado de autorizaciones para acceder con veh\u00edculos a <strong>Madrid Central<\/strong>, y por lo tanto <strong><em>podemos autorizar hasta un m\u00e1ximo de un veh\u00edculo por concierto \/ d\u00eda<\/em><\/strong> con objeto de facilitar a las bandas el transporte de instrumentos, <em>backline<\/em>, etc\u00e9tera.<\/p>\n<p style=\"text-align: justify;\">Si tu banda va a dar un concierto en <strong>CAFE LA PALMA<\/strong> y necesit\u00e1is una autorizaci\u00f3n para acceder a <strong>Madrid Central<\/strong> y descargar vuestro material en la sala, s\u00f3lo ten\u00e9is que escribirnos al mail de Programaci\u00f3n especificando el nombre de la banda, el d\u00eda del concierto, la matr\u00edcula de tu coche, el modelo y el nombre del titular o responsable.<\/p>\n<p style=\"text-align: justify;\">Si quieres m\u00e1s informaci\u00f3n sobre Madrid Central, pincha <a href=\"https:\/\/www.madrid.es\/portales\/munimadrid\/es\/Inicio\/Movilidad-y-transportes\/Madrid-Central-Zona-de-Bajas-Emisiones\/Informacion-general\/Madrid-Central-Informacion-General\/?vgnextfmt=default&amp;vgnextoid=a67cda4581f64610VgnVCM2000001f4a900aRCRD&amp;vgnextchannel=088e96d2742f6610VgnVCM1000001d4a900aRCRD\" target=\"_blank\">aqu\u00ed.<\/a><\/p>\n<p>[:]<\/p>\n","protected":false},"excerpt":{"rendered":"<p>[:es] Desde Marzo de 2019, el Ayuntamiento de Madrid impone sanciones econ\u00f3micas a los veh\u00edculos que transiten sin autorizaci\u00f3n dentro del per\u00edmetro<\/p>\n","protected":false},"author":2,"featured_media":0,"parent":0,"menu_order":0,"comment_status":"closed","ping_status":"closed","template":"","meta":{"_tec_requires_first_save":true,"content-type":"","_uag_custom_page_level_css":"","loftloader_page_shortcode":"","_EventAllDay":false,"_EventTimezone":"","_EventStartDate":"","_EventEndDate":"","_EventStartDateUTC":"","_EventEndDateUTC":"","_EventShowMap":false,"_EventShowMapLink":false,"_EventURL":"","_EventCost":"","_EventCostDescription":"","_EventCurrencySymbol":"","_EventCurrencyCode":"","_EventCurrencyPosition":"","_EventDateTimeSeparator":"","_EventTimeRangeSeparator":"","_EventOrganizerID":[],"_EventVenueID":[],"_OrganizerEmail":"","_OrganizerPhone":"","_OrganizerWebsite":"","_VenueAddress":"","_VenueCity":"","_VenueCountry":"","_VenueProvince":"","_VenueState":"","_VenueZip":"","_VenuePhone":"","_VenueURL":"","_VenueStateProvince":"","_VenueLat":"","_VenueLng":"","_VenueShowMap":false,"_VenueShowMapLink":false,"_tribe_blocks_recurrence_rules":"","_tribe_blocks_recurrence_description":"","_tribe_blocks_recurrence_exclusions":"","_ecp_custom_2":"","footnotes":""},"class_list":["post-13118","page","type-page","status-publish","hentry"],"uagb_featured_image_src":{"full":false,"thumbnail":false,"medium":false,"medium_large":false,"large":false,"1536x1536":false,"2048x2048":false,"trp-custom-language-flag":false,"blog-large":false,"blog-medium":false,"recent-posts":false,"recent-works-thumbnail":false,"fusion-200":false,"fusion-400":false,"fusion-600":false,"fusion-800":false,"fusion-1200":false,"portfolio-full":false,"portfolio-one":false,"portfolio-two":false,"portfolio-three":false,"portfolio-five":false},"uagb_author_info":{"display_name":"Nabor","author_link":"https:\/\/test.cafelapalma.com\/es_es\/author\/comunicacion\/"},"uagb_comment_info":0,"uagb_excerpt":"[:es] Desde Marzo de 2019, el Ayuntamiento de Madrid impone sanciones econ\u00f3micas a los veh\u00edculos que transiten sin autorizaci\u00f3n dentro del per\u00edmetro","_links":{"self":[{"href":"https:\/\/test.cafelapalma.com\/es_es\/wp-json\/wp\/v2\/pages\/13118","targetHints":{"allow":["GET"]}}],"collection":[{"href":"https:\/\/test.cafelapalma.com\/es_es\/wp-json\/wp\/v2\/pages"}],"about":[{"href":"https:\/\/test.cafelapalma.com\/es_es\/wp-json\/wp\/v2\/types\/page"}],"author":[{"embeddable":true,"href":"https:\/\/test.cafelapalma.com\/es_es\/wp-json\/wp\/v2\/users\/2"}],"replies":[{"embeddable":true,"href":"https:\/\/test.cafelapalma.com\/es_es\/wp-json\/wp\/v2\/comments?post=13118"}],"version-history":[{"count":13,"href":"https:\/\/test.cafelapalma.com\/es_es\/wp-json\/wp\/v2\/pages\/13118\/revisions"}],"predecessor-version":[{"id":13226,"href":"https:\/\/test.cafelapalma.com\/es_es\/wp-json\/wp\/v2\/pages\/13118\/revisions\/13226"}],"wp:attachment":[{"href":"https:\/\/test.cafelapalma.com\/es_es\/wp-json\/wp\/v2\/media?parent=13118"}],"curies":[{"name":"wp","href":"https:\/\/api.w.org\/{rel}","templated":true}]}}