{"id":148,"date":"2014-03-18T06:03:19","date_gmt":"2014-03-18T05:03:19","guid":{"rendered":"http:\/\/cafelapalma.simply-webspace.es\/?page_id=148"},"modified":"2023-02-27T17:35:10","modified_gmt":"2023-02-27T16:35:10","slug":"nuestra-historia","status":"publish","type":"page","link":"https:\/\/test.cafelapalma.com\/es_es\/nuestra-historia\/","title":{"rendered":"[:es]Historia[:en]Our History[:]"},"content":{"rendered":"\n<p>[:es]<\/p>\n\n\n<div class=\"wp-block-image\">\n<figure class=\"aligncenter size-full\"><img decoding=\"async\" width=\"863\" height=\"315\" src=\"https:\/\/test.cafelapalma.com\/wp-content\/uploads\/2023\/02\/HISTORIA-1.jpg\" data-orig-src=\"https:\/\/test.cafelapalma.com\/wp-content\/uploads\/2023\/02\/HISTORIA-1.jpg\" alt=\"\" class=\"lazyload wp-image-25843\" srcset=\"data:image\/svg+xml,%3Csvg%20xmlns%3D%27http%3A%2F%2Fwww.w3.org%2F2000%2Fsvg%27%20width%3D%27863%27%20height%3D%27315%27%20viewBox%3D%270%200%20863%20315%27%3E%3Crect%20width%3D%27863%27%20height%3D%27315%27%20fill-opacity%3D%220%22%2F%3E%3C%2Fsvg%3E\" data-srcset=\"https:\/\/test.cafelapalma.com\/wp-content\/uploads\/2023\/02\/HISTORIA-1-164x60.jpg 164w, https:\/\/test.cafelapalma.com\/wp-content\/uploads\/2023\/02\/HISTORIA-1-300x110.jpg 300w, https:\/\/test.cafelapalma.com\/wp-content\/uploads\/2023\/02\/HISTORIA-1-768x280.jpg 768w, https:\/\/test.cafelapalma.com\/wp-content\/uploads\/2023\/02\/HISTORIA-1.jpg 863w\" data-sizes=\"auto\" data-orig-sizes=\"(max-width: 863px) 100vw, 863px\" \/><\/figure>\n<\/div>\n\n\n<p class=\"has-text-align-justify\"><strong>CAFE LA PALMA<\/strong> es, desde hace 25 a\u00f1os, un local pionero en el desarrollo del concepto de \u201cprimera copa\u201d, y una de las m\u00e1s activas salas de conciertos de la capital. Situado en pleno centro de Madrid, nuestra intenci\u00f3n es alejarnos de todo convencionalismo, convirtiendo <strong>CAFE LA PALMA<\/strong> en un espacio \u00fanico y polidimensional que te ir\u00e1 sorprendiendo seg\u00fan te aventures en su laber\u00edntico interior, y descubras todas las posibilidades que esconde.<br><br>Si hay un sitio en Madrid capaz de ofrecerte m\u00faltiples opciones de ocio y cultura es, sin duda, <strong>CAFE LA PALMA<\/strong>, un lugar en constante mutaci\u00f3n que se adapta a t\u00ed seg\u00fan la hora a la que vengas a visitarnos, o el lugar donde decidas acomodarte\u2026 puedes sentarte a charlar con los amigos alrededor de unas humeantes tazas de delicioso caf\u00e9; disfrutar con evocadores beats orientales de fondo de un irresistible c\u00f3ctel en la jaima \u00e1rabe; o asistir a un concierto con lo mejor del underground y el indie madrile\u00f1o, e incluso grandes nombres de la escena musical; o soltarte el pelo en nuestra pista de baile, con Dj\u00b4s de talla internacional y lo mejor de cabinas madrile\u00f1as.<br><br>Tenemos todo el abanico de opciones para un ocio de calidad. atendidos por nuestro personal, amable, eficiente y profesional. Pero sin duda es la sala de conciertos y pista de baile, el coraz\u00f3n de <strong>CAFE LA PALMA<\/strong>. Punto de encuentro para gente tan din\u00e1mica como lo somos nosotros\u2026 receptivos y abiertos, sofisticados y cercanos\u2026 Todas las tribus y todas las generaciones son bienvenidas, para contribuir y absorber la magia de <strong>LA PALMA<\/strong>.<br><br>Podemos decir con orgullo que tenemos uno de los mejores sonidos en directo de la capital.<\/p>\n\n\n<div class=\"wp-block-image\">\n<figure class=\"alignright size-full\"><img decoding=\"async\" width=\"317\" height=\"245\" src=\"https:\/\/test.cafelapalma.com\/wp-content\/uploads\/2023\/02\/kenny-larkin.jpg\" data-orig-src=\"https:\/\/test.cafelapalma.com\/wp-content\/uploads\/2023\/02\/kenny-larkin.jpg\" alt=\"\" class=\"lazyload wp-image-25844\" srcset=\"data:image\/svg+xml,%3Csvg%20xmlns%3D%27http%3A%2F%2Fwww.w3.org%2F2000%2Fsvg%27%20width%3D%27317%27%20height%3D%27245%27%20viewBox%3D%270%200%20317%20245%27%3E%3Crect%20width%3D%27317%27%20height%3D%27245%27%20fill-opacity%3D%220%22%2F%3E%3C%2Fsvg%3E\" data-srcset=\"https:\/\/test.cafelapalma.com\/wp-content\/uploads\/2023\/02\/kenny-larkin-78x60.jpg 78w, https:\/\/test.cafelapalma.com\/wp-content\/uploads\/2023\/02\/kenny-larkin-300x232.jpg 300w, https:\/\/test.cafelapalma.com\/wp-content\/uploads\/2023\/02\/kenny-larkin.jpg 317w\" data-sizes=\"auto\" data-orig-sizes=\"(max-width: 317px) 100vw, 317px\" \/><\/figure>\n<\/div>\n\n\n<p class=\"has-text-align-justify ui-sortable-handle\">En <strong>CAFE LA PALMA<\/strong>&nbsp;han tocado artistas de la talla de <strong>Dominique A<\/strong>, <strong>Jay Jay Johanson<\/strong>, <strong>Amaral<\/strong>, <strong>Programme<\/strong>, <strong>Mani (Primal Scream)<\/strong>, <strong>The Gift<\/strong>, <strong>Vetusta Morla<\/strong>, <strong>Izal<\/strong>, <strong>Carolina Durante<\/strong>, <strong>Rufus T. Firefly<\/strong>, <strong>Amparanoia<\/strong>, <strong>Mala Rodr\u00edguez<\/strong>, <strong>Cycle<\/strong>, <strong>Josele Santiago<\/strong>, <strong>La Excepci\u00f3n<\/strong>, <strong>Kokoshca<\/strong>, <strong>Sex Museum<\/strong>, <strong>El<\/strong>&nbsp;<strong>Chojin<\/strong>, <strong>Pereza<\/strong>, <strong>La Bien Querida, Sr. Chinarro<\/strong> o <strong>El Lichis (La Cabra Mec\u00e1nica)<\/strong>.<br><br>Joyas musicales que van seguidas de sesiones de DJ donde la Electr\u00f3nica, el Deep, el Nu Disco, la New Wave, el Electro, el Minimal, el Tech-House y el Techno son los ingredientes principales, pero bien aderezados con indofunk, acid-jazz, funk, Caribbean &amp; brazilian beats y oriental grooves. Algunos de los grandes nombres que han pasado por nuestra cabina son <strong>Kenny Larkin<\/strong>, <strong>Addictive TV<\/strong>, <strong>Silicone Soul<\/strong>, <strong>Jeff K<\/strong>,&nbsp;<strong>Alexi Delano<\/strong>, <strong>Jori Hullkonen<\/strong>, <strong>Ursula 1000<\/strong>, <strong>Winston Hazel (Moloko)<\/strong>, <strong>Fila Brasilia<\/strong>, <strong>V\u00edctor Santana<\/strong>, <strong>Tadeo, Dj Pimp<\/strong>, <strong>Xpansul<\/strong>, <strong>\u00c1ngel Molina<\/strong>, y muchos mas&#8230;<br><br>Y no es solo la calidad y variedad musical lo que define a <strong>CAFE LA PALMA<\/strong>, tambi\u00e9n las m\u00faltiples actividades que se desarrollan en \u00e9l son marcas distintivas de la casa\u2026 As\u00ed, sus paredes se convierten en galer\u00eda de arte que alberga permanentemente exposiciones tanto de fotograf\u00eda como pintura, pues <strong>CAFE LA PALMA<\/strong> es un lugar donde incluso las mesas son creaciones de un colectivo art\u00edstico llamado Khrudo\u2026 E incluso a veces, con m\u00e1s o menos asiduidad, la sala se convierte en un mini teatro o un cine de culto, para ciclos de cl\u00e1sicos, videos musicales, y proyecciones de cortometrajes.<br><br>En definitiva, un local en permanente ebullici\u00f3n, tanto cultural como musical, y una pieza fundamental del patrimonio cultural underground de Madrid.<\/p>\n\n\n\n<p>[:en]<\/p>\n\n\n<div class=\"wp-block-image\">\n<figure class=\"aligncenter size-large\"><img decoding=\"async\" width=\"863\" height=\"315\" src=\"https:\/\/test.cafelapalma.com\/wp-content\/uploads\/2020\/12\/HISTORIA-2.jpg\" data-orig-src=\"https:\/\/test.cafelapalma.com\/wp-content\/uploads\/2020\/12\/HISTORIA-2.jpg\" alt=\"\" class=\"lazyload wp-image-16685\" srcset=\"data:image\/svg+xml,%3Csvg%20xmlns%3D%27http%3A%2F%2Fwww.w3.org%2F2000%2Fsvg%27%20width%3D%27863%27%20height%3D%27315%27%20viewBox%3D%270%200%20863%20315%27%3E%3Crect%20width%3D%27863%27%20height%3D%27315%27%20fill-opacity%3D%220%22%2F%3E%3C%2Fsvg%3E\" data-srcset=\"https:\/\/test.cafelapalma.com\/wp-content\/uploads\/2020\/12\/HISTORIA-2-296x108.jpg 296w, https:\/\/test.cafelapalma.com\/wp-content\/uploads\/2020\/12\/HISTORIA-2-300x110.jpg 300w, https:\/\/test.cafelapalma.com\/wp-content\/uploads\/2020\/12\/HISTORIA-2-768x280.jpg 768w, https:\/\/test.cafelapalma.com\/wp-content\/uploads\/2020\/12\/HISTORIA-2.jpg 863w\" data-sizes=\"auto\" data-orig-sizes=\"(max-width: 863px) 100vw, 863px\" \/><\/figure>\n<\/div>\n\n\n<p class=\"has-text-align-justify\"><strong>21 years<\/strong> of history, and <strong>Caf\u00e9 la Palma<\/strong> is one of the most dynamic music venues in <strong>Madrid<\/strong>, and a pioneer in the introduction of &nbsp;\u00ab<strong>first drink<\/strong>\u00bb concept.<br><br>We are placed in <strong>Madrid&#8217;s<\/strong> downtown. Our philosophy is escape from any conventionalism, getting from <strong>Caf\u00e9 la Palma<\/strong> a <strong>multi-dimensional<\/strong> place, a labyrinth full of amazing <strong>novelties<\/strong>.<br><br><strong>Caf\u00e9 la Palma<\/strong> is for sure the best place for <strong>leisure<\/strong> and <strong>culture<\/strong>, to find all kind of <strong>surprises<\/strong>, in a constant process of change, adaptable to your mood. Only decide where to sit, and have some joy.<br><br>You can sit and have a chat with your&nbsp;<strong>friends,<\/strong> with some cups of delicious coffee; enjoy evocative oriental beats an irresistible <strong>cocktails<\/strong> in the arab tent; or join into a concert with amazing <strong>Madrid&#8217;s<\/strong> underground bands, or well known pop musicians; or going mad with our dance floor, with best Madrid <strong>DJs<\/strong>.<br><br>We provide a complete variety of services of <strong>entertaiment<\/strong>. And our staff is kind, efficient and professional.<br><br>The <strong>dance<\/strong> <strong>floor<\/strong>, and concerts hall is for sure the core of <strong>Caf\u00e9 la Palma<\/strong>.<br><br>We proudly feel like a <strong>meeting point<\/strong> for <strong>curious<\/strong>, <strong>dynamic<\/strong> people. Like our customers, we are sophisticated and opened.<br><br>All \u00abtribes\u00bb, all generations are welcome to feed and feel the magic of <strong>Caf\u00e9 la Palma<\/strong>.<br><br>About live music, our sound is one of the best in Madrid.<br><br>In our scenario have played Dominique A, Jay Jay Johanson, Amaral, Addictive TV, Kenny Larkin, Ursula 1000, Programme, Mani (Primal Scream), The Gift, Amparanoia, Mala Rodr\u00edguez, Cycle, Josele Santiago, The Exception, The Coronas, Sex Museum, Vetusta Morla, Choj\u00edn Laziness Izal, Alamedadosoulna, La Bien Querida o Lichis and Goat Mechanics.<\/p>\n\n\n<div class=\"wp-block-image\">\n<figure class=\"alignright size-large\"><img decoding=\"async\" width=\"317\" height=\"245\" src=\"https:\/\/test.cafelapalma.com\/wp-content\/uploads\/2020\/12\/kenny-larkin-1.jpg\" data-orig-src=\"https:\/\/test.cafelapalma.com\/wp-content\/uploads\/2020\/12\/kenny-larkin-1.jpg\" alt=\"\" class=\"lazyload wp-image-16686\" srcset=\"data:image\/svg+xml,%3Csvg%20xmlns%3D%27http%3A%2F%2Fwww.w3.org%2F2000%2Fsvg%27%20width%3D%27317%27%20height%3D%27245%27%20viewBox%3D%270%200%20317%20245%27%3E%3Crect%20width%3D%27317%27%20height%3D%27245%27%20fill-opacity%3D%220%22%2F%3E%3C%2Fsvg%3E\" data-srcset=\"https:\/\/test.cafelapalma.com\/wp-content\/uploads\/2020\/12\/kenny-larkin-1-140x108.jpg 140w, https:\/\/test.cafelapalma.com\/wp-content\/uploads\/2020\/12\/kenny-larkin-1-300x232.jpg 300w, https:\/\/test.cafelapalma.com\/wp-content\/uploads\/2020\/12\/kenny-larkin-1.jpg 317w\" data-sizes=\"auto\" data-orig-sizes=\"(max-width: 317px) 100vw, 317px\" \/><\/figure>\n<\/div>\n\n\n<p class=\"has-text-align-justify\">After live performances, you can enjoy DJ sets with Electronics, Deep, Nu Disco, New Wave, Electro, Minimal, Tech-House and Techno, as well as indofunk, acid- jazz, funk, brazilian &amp; afrocaribbean oriental beats and grooves.<br><br>But is not only about <strong>quality<\/strong> and <strong>variety<\/strong> of our music. We are also into many activities, like <strong>paints<\/strong> and <strong>pictures<\/strong> exhibitions, <strong>movie<\/strong> projections and <strong>theather<\/strong>. Even our tables are stunning creations of the artistic collective Khrudo.<br><br>In conclusion, <strong>Caf\u00e9 la Palma<\/strong> is a place in constant change, a <strong>essencial reference<\/strong> of Madrid cultural scene.<\/p>\n\n\n\n<p>[:]<\/p>\n","protected":false},"excerpt":{"rendered":"<p>[:es] CAFE LA PALMA es, desde hace 25 a\u00f1os, un local pionero en el desarrollo del concepto de \u201cprimera copa\u201d, y una<\/p>\n","protected":false},"author":8,"featured_media":0,"parent":0,"menu_order":0,"comment_status":"closed","ping_status":"closed","template":"","meta":{"_tec_requires_first_save":true,"content-type":"","_uag_custom_page_level_css":"","loftloader_page_shortcode":"","_EventAllDay":false,"_EventTimezone":"","_EventStartDate":"","_EventEndDate":"","_EventStartDateUTC":"","_EventEndDateUTC":"","_EventShowMap":false,"_EventShowMapLink":false,"_EventURL":"","_EventCost":"","_EventCostDescription":"","_EventCurrencySymbol":"","_EventCurrencyCode":"","_EventCurrencyPosition":"","_EventDateTimeSeparator":"","_EventTimeRangeSeparator":"","_EventOrganizerID":[],"_EventVenueID":[],"_OrganizerEmail":"","_OrganizerPhone":"","_OrganizerWebsite":"","_VenueAddress":"","_VenueCity":"","_VenueCountry":"","_VenueProvince":"","_VenueState":"","_VenueZip":"","_VenuePhone":"","_VenueURL":"","_VenueStateProvince":"","_VenueLat":"","_VenueLng":"","_VenueShowMap":false,"_VenueShowMapLink":false,"_tribe_blocks_recurrence_rules":"","_tribe_blocks_recurrence_description":"","_tribe_blocks_recurrence_exclusions":"","_ecp_custom_2":"","footnotes":""},"class_list":["post-148","page","type-page","status-publish","hentry"],"uagb_featured_image_src":{"full":false,"thumbnail":false,"medium":false,"medium_large":false,"large":false,"1536x1536":false,"2048x2048":false,"trp-custom-language-flag":false,"blog-large":false,"blog-medium":false,"recent-posts":false,"recent-works-thumbnail":false,"fusion-200":false,"fusion-400":false,"fusion-600":false,"fusion-800":false,"fusion-1200":false,"portfolio-full":false,"portfolio-one":false,"portfolio-two":false,"portfolio-three":false,"portfolio-five":false},"uagb_author_info":{"display_name":"Germ\u00e1n","author_link":"https:\/\/test.cafelapalma.com\/es_es\/author\/admin-2\/"},"uagb_comment_info":0,"uagb_excerpt":"[:es] CAFE LA PALMA es, desde hace 25 a\u00f1os, un local pionero en el desarrollo del concepto de \u201cprimera copa\u201d, y una","_links":{"self":[{"href":"https:\/\/test.cafelapalma.com\/es_es\/wp-json\/wp\/v2\/pages\/148","targetHints":{"allow":["GET"]}}],"collection":[{"href":"https:\/\/test.cafelapalma.com\/es_es\/wp-json\/wp\/v2\/pages"}],"about":[{"href":"https:\/\/test.cafelapalma.com\/es_es\/wp-json\/wp\/v2\/types\/page"}],"author":[{"embeddable":true,"href":"https:\/\/test.cafelapalma.com\/es_es\/wp-json\/wp\/v2\/users\/8"}],"replies":[{"embeddable":true,"href":"https:\/\/test.cafelapalma.com\/es_es\/wp-json\/wp\/v2\/comments?post=148"}],"version-history":[{"count":74,"href":"https:\/\/test.cafelapalma.com\/es_es\/wp-json\/wp\/v2\/pages\/148\/revisions"}],"predecessor-version":[{"id":25900,"href":"https:\/\/test.cafelapalma.com\/es_es\/wp-json\/wp\/v2\/pages\/148\/revisions\/25900"}],"wp:attachment":[{"href":"https:\/\/test.cafelapalma.com\/es_es\/wp-json\/wp\/v2\/media?parent=148"}],"curies":[{"name":"wp","href":"https:\/\/api.w.org\/{rel}","templated":true}]}}