{"id":8,"date":"2014-02-13T22:54:46","date_gmt":"2014-02-13T21:54:46","guid":{"rendered":"http:\/\/localhost\/wordpress\/?page_id=8"},"modified":"2023-02-27T17:28:54","modified_gmt":"2023-02-27T16:28:54","slug":"donde-estamos","status":"publish","type":"page","link":"https:\/\/test.cafelapalma.com\/es_es\/donde-estamos\/","title":{"rendered":"[:es]D\u00f3nde estamos[:en]Where we are?[:]"},"content":{"rendered":"\n<p>[:es]<\/p>\n\n\n<div class=\"wp-block-image\">\n<figure class=\"aligncenter size-full\"><img decoding=\"async\" width=\"768\" height=\"130\" src=\"https:\/\/test.cafelapalma.com\/wp-content\/uploads\/2023\/02\/como-llegarhigh-768x130-1.jpg\" data-orig-src=\"https:\/\/test.cafelapalma.com\/wp-content\/uploads\/2023\/02\/como-llegarhigh-768x130-1.jpg\" alt=\"\" class=\"lazyload wp-image-25866\" srcset=\"data:image\/svg+xml,%3Csvg%20xmlns%3D%27http%3A%2F%2Fwww.w3.org%2F2000%2Fsvg%27%20width%3D%27768%27%20height%3D%27130%27%20viewBox%3D%270%200%20768%20130%27%3E%3Crect%20width%3D%27768%27%20height%3D%27130%27%20fill-opacity%3D%220%22%2F%3E%3C%2Fsvg%3E\" data-srcset=\"https:\/\/test.cafelapalma.com\/wp-content\/uploads\/2023\/02\/como-llegarhigh-768x130-1-300x51.jpg 300w, https:\/\/test.cafelapalma.com\/wp-content\/uploads\/2023\/02\/como-llegarhigh-768x130-1-354x60.jpg 354w, https:\/\/test.cafelapalma.com\/wp-content\/uploads\/2023\/02\/como-llegarhigh-768x130-1.jpg 768w\" data-sizes=\"auto\" data-orig-sizes=\"(max-width: 768px) 100vw, 768px\" \/><\/figure>\n<\/div>\n\n\n<figure class=\"wp-block-image size-full\"><img decoding=\"async\" width=\"1024\" height=\"371\" src=\"https:\/\/test.cafelapalma.com\/wp-content\/uploads\/2023\/02\/Fachada_Horizontal_1.jpg\" data-orig-src=\"https:\/\/test.cafelapalma.com\/wp-content\/uploads\/2023\/02\/Fachada_Horizontal_1.jpg\" alt=\"\" class=\"lazyload wp-image-25867\" srcset=\"data:image\/svg+xml,%3Csvg%20xmlns%3D%27http%3A%2F%2Fwww.w3.org%2F2000%2Fsvg%27%20width%3D%271024%27%20height%3D%27371%27%20viewBox%3D%270%200%201024%20371%27%3E%3Crect%20width%3D%271024%27%20height%3D%27371%27%20fill-opacity%3D%220%22%2F%3E%3C%2Fsvg%3E\" data-srcset=\"https:\/\/test.cafelapalma.com\/wp-content\/uploads\/2023\/02\/Fachada_Horizontal_1-166x60.jpg 166w, https:\/\/test.cafelapalma.com\/wp-content\/uploads\/2023\/02\/Fachada_Horizontal_1-300x109.jpg 300w, https:\/\/test.cafelapalma.com\/wp-content\/uploads\/2023\/02\/Fachada_Horizontal_1-768x278.jpg 768w, https:\/\/test.cafelapalma.com\/wp-content\/uploads\/2023\/02\/Fachada_Horizontal_1-1020x371.jpg 1020w, https:\/\/test.cafelapalma.com\/wp-content\/uploads\/2023\/02\/Fachada_Horizontal_1.jpg 1024w\" data-sizes=\"auto\" data-orig-sizes=\"(max-width: 1024px) 100vw, 1024px\" \/><\/figure>\n\n\n\n<div class=\"wp-block-columns is-layout-flex wp-container-core-columns-is-layout-9d6595d7 wp-block-columns-is-layout-flex\">\n<div class=\"wp-block-column is-layout-flow wp-block-column-is-layout-flow\"><div class=\"wp-block-image is-style-default\">\n<figure class=\"aligncenter size-large is-resized\"><img decoding=\"async\" src=\"data:image\/svg+xml,%3Csvg%20xmlns%3D%27http%3A%2F%2Fwww.w3.org%2F2000%2Fsvg%27%20width%3D%27113%27%20height%3D%2771%27%20viewBox%3D%270%200%20113%2071%27%3E%3Crect%20width%3D%27113%27%20height%3D%2771%27%20fill-opacity%3D%220%22%2F%3E%3C%2Fsvg%3E\" data-orig-src=\"https:\/\/test.cafelapalma.com\/wp-content\/uploads\/2014\/02\/150px-MetroMadridLogo.svg_.png\" alt=\"\" class=\"lazyload wp-image-4492\" width=\"113\" height=\"71\"\/><\/figure>\n<\/div>\n\n\n<p class=\"has-text-align-center\" style=\"font-size:14px\">Bilbao: L\u00edneas 1 y 4<br>San Bernardo: L\u00edneas 2 y 4<br>Noviciado: L\u00ednea 2<br>Tribunal: L\u00edneas 1 y 10<br>EMT: L\u00edneas 2, 4, 10, 3, 21, 40, 147, 149<\/p>\n<\/div>\n\n\n\n<div class=\"wp-block-column is-layout-flow wp-block-column-is-layout-flow\"><div class=\"wp-block-image is-style-default\">\n<figure class=\"aligncenter is-resized\"><img class=\"lazyload\" decoding=\"async\" src=\"data:image\/svg+xml,%3Csvg%20xmlns%3D%27http%3A%2F%2Fwww.w3.org%2F2000%2Fsvg%27%20width%3D%27125%27%20height%3D%27125%27%20viewBox%3D%270%200%20125%20125%27%3E%3Crect%20width%3D%27125%27%20height%3D%27125%27%20fill-opacity%3D%220%22%2F%3E%3C%2Fsvg%3E\" data-orig-src=\"https:\/\/test.cafelapalma.com\/wp-content\/uploads\/2014\/02\/mapcode-LPA.png\" alt=\"mapcode LPA\" width=\"125\" height=\"125\"\/><\/figure>\n<\/div>\n\n\n<p class=\"has-text-align-center\" style=\"font-size:14px\">Coordenadas 40.426773 | -3.70803<\/p>\n<\/div>\n\n\n\n<div class=\"wp-block-column is-layout-flow wp-block-column-is-layout-flow\"><div class=\"wp-block-image is-style-default\">\n<figure class=\"aligncenter size-full\"><img decoding=\"async\" width=\"105\" height=\"108\" src=\"https:\/\/test.cafelapalma.com\/wp-content\/uploads\/2023\/02\/depositphotos_34747003-stock-illustration-parking-sign-105x108-1.jpg\" data-orig-src=\"https:\/\/test.cafelapalma.com\/wp-content\/uploads\/2023\/02\/depositphotos_34747003-stock-illustration-parking-sign-105x108-1.jpg\" alt=\"\" class=\"lazyload wp-image-25873\" srcset=\"data:image\/svg+xml,%3Csvg%20xmlns%3D%27http%3A%2F%2Fwww.w3.org%2F2000%2Fsvg%27%20width%3D%27105%27%20height%3D%27108%27%20viewBox%3D%270%200%20105%20108%27%3E%3Crect%20width%3D%27105%27%20height%3D%27108%27%20fill-opacity%3D%220%22%2F%3E%3C%2Fsvg%3E\" data-srcset=\"https:\/\/test.cafelapalma.com\/wp-content\/uploads\/2023\/02\/depositphotos_34747003-stock-illustration-parking-sign-105x108-1-58x60.jpg 58w, https:\/\/test.cafelapalma.com\/wp-content\/uploads\/2023\/02\/depositphotos_34747003-stock-illustration-parking-sign-105x108-1.jpg 105w\" data-sizes=\"auto\" data-orig-sizes=\"(max-width: 105px) 100vw, 105px\" \/><\/figure>\n<\/div>\n\n\n<p class=\"has-text-align-center\" style=\"font-size:14px\">Modelo: San Bernardo, 95<br>Indigo: Rodr\u00edguez San Pedro, 8<br>Marcenado:<br> Sta Cruz de Marcenado, 14<br>Saba: Plaza Mostenses, s\/n<\/p>\n<\/div>\n<\/div>\n\n\n\n<hr class=\"wp-block-separator has-css-opacity is-style-default\"\/>\n\n\n\n<figure class=\"wp-block-image size-full\"><img decoding=\"async\" width=\"1024\" height=\"142\" src=\"https:\/\/test.cafelapalma.com\/wp-content\/uploads\/2023\/02\/madriddentral-1.jpg\" data-orig-src=\"https:\/\/test.cafelapalma.com\/wp-content\/uploads\/2023\/02\/madriddentral-1.jpg\" alt=\"\" class=\"lazyload wp-image-25868\" srcset=\"data:image\/svg+xml,%3Csvg%20xmlns%3D%27http%3A%2F%2Fwww.w3.org%2F2000%2Fsvg%27%20width%3D%271024%27%20height%3D%27142%27%20viewBox%3D%270%200%201024%20142%27%3E%3Crect%20width%3D%271024%27%20height%3D%27142%27%20fill-opacity%3D%220%22%2F%3E%3C%2Fsvg%3E\" data-srcset=\"https:\/\/test.cafelapalma.com\/wp-content\/uploads\/2023\/02\/madriddentral-1-300x42.jpg 300w, https:\/\/test.cafelapalma.com\/wp-content\/uploads\/2023\/02\/madriddentral-1-433x60.jpg 433w, https:\/\/test.cafelapalma.com\/wp-content\/uploads\/2023\/02\/madriddentral-1-768x107.jpg 768w, https:\/\/test.cafelapalma.com\/wp-content\/uploads\/2023\/02\/madriddentral-1-1020x142.jpg 1020w, https:\/\/test.cafelapalma.com\/wp-content\/uploads\/2023\/02\/madriddentral-1.jpg 1024w\" data-sizes=\"auto\" data-orig-sizes=\"(max-width: 1024px) 100vw, 1024px\" \/><\/figure>\n\n\n\n<p>[:en]<\/p>\n\n\n<div class=\"wp-block-image\">\n<figure class=\"aligncenter size-large is-resized\"><img decoding=\"async\" src=\"https:\/\/test.cafelapalma.com\/wp-content\/uploads\/2020\/12\/como-llegarhigh-1-1024x174.jpg\" data-orig-src=\"https:\/\/test.cafelapalma.com\/wp-content\/uploads\/2020\/12\/como-llegarhigh-1-1024x174.jpg\" alt=\"\" class=\"lazyload wp-image-16774\" width=\"768\" height=\"131\" srcset=\"data:image\/svg+xml,%3Csvg%20xmlns%3D%27http%3A%2F%2Fwww.w3.org%2F2000%2Fsvg%27%20width%3D%27768%27%20height%3D%27131%27%20viewBox%3D%270%200%20768%20131%27%3E%3Crect%20width%3D%27768%27%20height%3D%27131%27%20fill-opacity%3D%220%22%2F%3E%3C%2Fsvg%3E\" data-srcset=\"https:\/\/test.cafelapalma.com\/wp-content\/uploads\/2020\/12\/como-llegarhigh-1-300x51.jpg 300w, https:\/\/test.cafelapalma.com\/wp-content\/uploads\/2020\/12\/como-llegarhigh-1-480x81.jpg 480w, https:\/\/test.cafelapalma.com\/wp-content\/uploads\/2020\/12\/como-llegarhigh-1-768x130.jpg 768w, https:\/\/test.cafelapalma.com\/wp-content\/uploads\/2020\/12\/como-llegarhigh-1-863x146.jpg 863w, https:\/\/test.cafelapalma.com\/wp-content\/uploads\/2020\/12\/como-llegarhigh-1-1024x174.jpg 1024w, https:\/\/test.cafelapalma.com\/wp-content\/uploads\/2020\/12\/como-llegarhigh-1-1536x260.jpg 1536w\" data-sizes=\"auto\" data-orig-sizes=\"(max-width: 768px) 100vw, 768px\" \/><\/figure>\n<\/div>\n\n\n<figure class=\"wp-block-image size-large is-style-default\"><img decoding=\"async\" width=\"1024\" height=\"371\" src=\"https:\/\/test.cafelapalma.com\/wp-content\/uploads\/2020\/12\/Fachada_Horizontal_1-1.jpg\" data-orig-src=\"https:\/\/test.cafelapalma.com\/wp-content\/uploads\/2020\/12\/Fachada_Horizontal_1-1.jpg\" alt=\"\" class=\"lazyload wp-image-16692\" srcset=\"data:image\/svg+xml,%3Csvg%20xmlns%3D%27http%3A%2F%2Fwww.w3.org%2F2000%2Fsvg%27%20width%3D%271024%27%20height%3D%27371%27%20viewBox%3D%270%200%201024%20371%27%3E%3Crect%20width%3D%271024%27%20height%3D%27371%27%20fill-opacity%3D%220%22%2F%3E%3C%2Fsvg%3E\" data-srcset=\"https:\/\/test.cafelapalma.com\/wp-content\/uploads\/2020\/12\/Fachada_Horizontal_1-1-298x108.jpg 298w, https:\/\/test.cafelapalma.com\/wp-content\/uploads\/2020\/12\/Fachada_Horizontal_1-1-300x109.jpg 300w, https:\/\/test.cafelapalma.com\/wp-content\/uploads\/2020\/12\/Fachada_Horizontal_1-1-768x278.jpg 768w, https:\/\/test.cafelapalma.com\/wp-content\/uploads\/2020\/12\/Fachada_Horizontal_1-1-863x313.jpg 863w, https:\/\/test.cafelapalma.com\/wp-content\/uploads\/2020\/12\/Fachada_Horizontal_1-1.jpg 1024w\" data-sizes=\"auto\" data-orig-sizes=\"(max-width: 1024px) 100vw, 1024px\" \/><\/figure>\n\n\n\n<div class=\"wp-block-columns is-layout-flex wp-container-core-columns-is-layout-9d6595d7 wp-block-columns-is-layout-flex\">\n<div class=\"wp-block-column is-layout-flow wp-block-column-is-layout-flow\">\n<div class=\"wp-block-columns is-layout-flex wp-container-core-columns-is-layout-9d6595d7 wp-block-columns-is-layout-flex\">\n<div class=\"wp-block-column is-layout-flow wp-block-column-is-layout-flow\" style=\"flex-basis:33.34%\"><div class=\"wp-block-image is-style-default\">\n<figure class=\"aligncenter is-resized\"><img class=\"lazyload\" decoding=\"async\" src=\"data:image\/svg+xml,%3Csvg%20xmlns%3D%27http%3A%2F%2Fwww.w3.org%2F2000%2Fsvg%27%20width%3D%27113%27%20height%3D%2771%27%20viewBox%3D%270%200%20113%2071%27%3E%3Crect%20width%3D%27113%27%20height%3D%2771%27%20fill-opacity%3D%220%22%2F%3E%3C%2Fsvg%3E\" data-orig-src=\"https:\/\/test.cafelapalma.com\/wp-content\/uploads\/2014\/02\/150px-MetroMadridLogo.svg_.png\" alt=\"\" width=\"113\" height=\"71\"\/><\/figure>\n<\/div>\n\n\n<p class=\"has-text-align-center has-small-font-size\">Bilbao: Lines 1 and 4<br>San Bernardo: Lines 2 and 4<br>Noviciado: Line 2<br>Tribunal: Lines 1 and 10<br>EMT: Lines 2, 4, 10, 3, 21, 40, 147, 149<\/p>\n<\/div>\n\n\n\n<div class=\"wp-block-column is-layout-flow wp-block-column-is-layout-flow\" style=\"flex-basis:33.34%\"><div class=\"wp-block-image is-style-default\">\n<figure class=\"aligncenter size-large\"><img class=\"lazyload\" decoding=\"async\" src=\"data:image\/svg+xml,%3Csvg%20xmlns%3D%27http%3A%2F%2Fwww.w3.org%2F2000%2Fsvg%27%20width%3D%27116%27%20height%3D%27116%27%20viewBox%3D%270%200%20116%20116%27%3E%3Crect%20width%3D%27116%27%20height%3D%27116%27%20fill-opacity%3D%220%22%2F%3E%3C%2Fsvg%3E\" data-orig-src=\"https:\/\/test.cafelapalma.com\/wp-content\/uploads\/2014\/02\/mapcode-LPA.png\" alt=\"\"\/><\/figure>\n<\/div>\n\n\n<p class=\"has-text-align-center has-small-font-size\">Coordenadas 40.426773 &#8211; 3.70803<\/p>\n<\/div>\n\n\n\n<div class=\"wp-block-column is-layout-flow wp-block-column-is-layout-flow\" style=\"flex-basis:33.33%\"><div class=\"wp-block-image is-style-default\">\n<figure class=\"aligncenter size-full\"><img decoding=\"async\" width=\"105\" height=\"108\" src=\"https:\/\/test.cafelapalma.com\/wp-content\/uploads\/2023\/02\/depositphotos_34747003-stock-illustration-parking-sign-105x108-1.jpg\" data-orig-src=\"https:\/\/test.cafelapalma.com\/wp-content\/uploads\/2023\/02\/depositphotos_34747003-stock-illustration-parking-sign-105x108-1.jpg\" alt=\"\" class=\"lazyload wp-image-25873\" srcset=\"data:image\/svg+xml,%3Csvg%20xmlns%3D%27http%3A%2F%2Fwww.w3.org%2F2000%2Fsvg%27%20width%3D%27105%27%20height%3D%27108%27%20viewBox%3D%270%200%20105%20108%27%3E%3Crect%20width%3D%27105%27%20height%3D%27108%27%20fill-opacity%3D%220%22%2F%3E%3C%2Fsvg%3E\" data-srcset=\"https:\/\/test.cafelapalma.com\/wp-content\/uploads\/2023\/02\/depositphotos_34747003-stock-illustration-parking-sign-105x108-1-58x60.jpg 58w, https:\/\/test.cafelapalma.com\/wp-content\/uploads\/2023\/02\/depositphotos_34747003-stock-illustration-parking-sign-105x108-1.jpg 105w\" data-sizes=\"auto\" data-orig-sizes=\"(max-width: 105px) 100vw, 105px\" \/><\/figure>\n<\/div>\n\n\n<p class=\"has-text-align-center has-small-font-size\">Modelo: San Bernardo, 95<br>Indigo: Rodr\u00edguez San Pedro, 8<br>Marcenado: Sta Cruz de Marcenado, 14<br>Saba: Plaza Mostenses, s\/n<\/p>\n<\/div>\n<\/div>\n<\/div>\n<\/div>\n\n\n\n<hr class=\"wp-block-separator has-css-opacity is-style-default\"\/>\n\n\n\n<figure class=\"wp-block-image size-full is-style-default\"><img decoding=\"async\" width=\"1024\" height=\"174\" src=\"https:\/\/test.cafelapalma.com\/wp-content\/uploads\/2023\/02\/madridcentral-ingles-1024x174-1.jpg\" data-orig-src=\"https:\/\/test.cafelapalma.com\/wp-content\/uploads\/2023\/02\/madridcentral-ingles-1024x174-1.jpg\" alt=\"\" class=\"lazyload wp-image-25870\" srcset=\"data:image\/svg+xml,%3Csvg%20xmlns%3D%27http%3A%2F%2Fwww.w3.org%2F2000%2Fsvg%27%20width%3D%271024%27%20height%3D%27174%27%20viewBox%3D%270%200%201024%20174%27%3E%3Crect%20width%3D%271024%27%20height%3D%27174%27%20fill-opacity%3D%220%22%2F%3E%3C%2Fsvg%3E\" data-srcset=\"https:\/\/test.cafelapalma.com\/wp-content\/uploads\/2023\/02\/madridcentral-ingles-1024x174-1-300x51.jpg 300w, https:\/\/test.cafelapalma.com\/wp-content\/uploads\/2023\/02\/madridcentral-ingles-1024x174-1-353x60.jpg 353w, https:\/\/test.cafelapalma.com\/wp-content\/uploads\/2023\/02\/madridcentral-ingles-1024x174-1-768x131.jpg 768w, https:\/\/test.cafelapalma.com\/wp-content\/uploads\/2023\/02\/madridcentral-ingles-1024x174-1-1020x174.jpg 1020w, https:\/\/test.cafelapalma.com\/wp-content\/uploads\/2023\/02\/madridcentral-ingles-1024x174-1.jpg 1024w\" data-sizes=\"auto\" data-orig-sizes=\"(max-width: 1024px) 100vw, 1024px\" \/><\/figure>\n\n\n\n<p>[:]<\/p>\n","protected":false},"excerpt":{"rendered":"<p>[:es] Bilbao: L\u00edneas 1 y 4San Bernardo: L\u00edneas 2 y 4Noviciado: L\u00ednea 2Tribunal: L\u00edneas 1 y 10EMT: L\u00edneas 2, 4, 10, 3,<\/p>\n","protected":false},"author":8,"featured_media":0,"parent":0,"menu_order":0,"comment_status":"closed","ping_status":"closed","template":"","meta":{"_tec_requires_first_save":true,"content-type":"","_uag_custom_page_level_css":"","loftloader_page_shortcode":"","_EventAllDay":false,"_EventTimezone":"","_EventStartDate":"","_EventEndDate":"","_EventStartDateUTC":"","_EventEndDateUTC":"","_EventShowMap":false,"_EventShowMapLink":false,"_EventURL":"","_EventCost":"","_EventCostDescription":"","_EventCurrencySymbol":"","_EventCurrencyCode":"","_EventCurrencyPosition":"","_EventDateTimeSeparator":"","_EventTimeRangeSeparator":"","_EventOrganizerID":[],"_EventVenueID":[],"_OrganizerEmail":"","_OrganizerPhone":"","_OrganizerWebsite":"","_VenueAddress":"","_VenueCity":"","_VenueCountry":"","_VenueProvince":"","_VenueState":"","_VenueZip":"","_VenuePhone":"","_VenueURL":"","_VenueStateProvince":"","_VenueLat":"","_VenueLng":"","_VenueShowMap":false,"_VenueShowMapLink":false,"_tribe_blocks_recurrence_rules":"","_tribe_blocks_recurrence_description":"","_tribe_blocks_recurrence_exclusions":"","_ecp_custom_2":"","footnotes":""},"class_list":["post-8","page","type-page","status-publish","hentry"],"uagb_featured_image_src":{"full":false,"thumbnail":false,"medium":false,"medium_large":false,"large":false,"1536x1536":false,"2048x2048":false,"trp-custom-language-flag":false,"blog-large":false,"blog-medium":false,"recent-posts":false,"recent-works-thumbnail":false,"fusion-200":false,"fusion-400":false,"fusion-600":false,"fusion-800":false,"fusion-1200":false,"portfolio-full":false,"portfolio-one":false,"portfolio-two":false,"portfolio-three":false,"portfolio-five":false},"uagb_author_info":{"display_name":"Germ\u00e1n","author_link":"https:\/\/test.cafelapalma.com\/es_es\/author\/admin-2\/"},"uagb_comment_info":0,"uagb_excerpt":"[:es] Bilbao: L\u00edneas 1 y 4San Bernardo: L\u00edneas 2 y 4Noviciado: L\u00ednea 2Tribunal: L\u00edneas 1 y 10EMT: L\u00edneas 2, 4, 10, 3,","_links":{"self":[{"href":"https:\/\/test.cafelapalma.com\/es_es\/wp-json\/wp\/v2\/pages\/8","targetHints":{"allow":["GET"]}}],"collection":[{"href":"https:\/\/test.cafelapalma.com\/es_es\/wp-json\/wp\/v2\/pages"}],"about":[{"href":"https:\/\/test.cafelapalma.com\/es_es\/wp-json\/wp\/v2\/types\/page"}],"author":[{"embeddable":true,"href":"https:\/\/test.cafelapalma.com\/es_es\/wp-json\/wp\/v2\/users\/8"}],"replies":[{"embeddable":true,"href":"https:\/\/test.cafelapalma.com\/es_es\/wp-json\/wp\/v2\/comments?post=8"}],"version-history":[{"count":209,"href":"https:\/\/test.cafelapalma.com\/es_es\/wp-json\/wp\/v2\/pages\/8\/revisions"}],"predecessor-version":[{"id":25891,"href":"https:\/\/test.cafelapalma.com\/es_es\/wp-json\/wp\/v2\/pages\/8\/revisions\/25891"}],"wp:attachment":[{"href":"https:\/\/test.cafelapalma.com\/es_es\/wp-json\/wp\/v2\/media?parent=8"}],"curies":[{"name":"wp","href":"https:\/\/api.w.org\/{rel}","templated":true}]}}